{"id":128424,"date":"2024-06-20T08:23:08","date_gmt":"2024-06-20T08:23:08","guid":{"rendered":"https:\/\/quarterlife-crisis.info\/?page_id=128424"},"modified":"2024-06-20T19:37:25","modified_gmt":"2024-06-20T19:37:25","slug":"inhalt","status":"publish","type":"page","link":"https:\/\/quarterlife-crisis.info\/?page_id=128424","title":{"rendered":"Inhalt"},"content":{"rendered":"<p>[et_pb_section fb_built=&#8220;1&#8243; fullwidth=&#8220;on&#8220; _builder_version=&#8220;4.25.2&#8243; _module_preset=&#8220;default&#8220; global_colors_info=&#8220;{}&#8220;][et_pb_fullwidth_menu menu_id=&#8220;12&#8243; active_link_color=&#8220;#FFFFFF&#8220; dropdown_menu_bg_color=&#8220;#E09900&#8243; logo=&#8220;https:\/\/quarterlife-crisis.info\/wp-content\/uploads\/2024\/06\/Kompass.png&#8220; logo_url_new_window=&#8220;on&#8220; logo_max_width=&#8220;12%&#8220; logo_max_width_tablet=&#8220;12%&#8220; logo_max_width_phone=&#8220;30%&#8220; logo_max_width_last_edited=&#8220;on|phone&#8220; menu_icon_font_size_tablet=&#8220;&#8220; menu_icon_font_size_phone=&#8220;30px&#8220; menu_icon_font_size_last_edited=&#8220;on|phone&#8220; _builder_version=&#8220;4.25.2&#8243; _module_preset=&#8220;default&#8220; menu_font=&#8220;|600|||||||&#8220; menu_text_color=&#8220;#FFFFFF&#8220; menu_font_size=&#8220;20px&#8220; background_color=&#8220;#074791&#8243; text_orientation=&#8220;right&#8220; custom_margin_tablet=&#8220;||||false|false&#8220; custom_margin_phone=&#8220;||||false|false&#8220; custom_margin_last_edited=&#8220;on|tablet&#8220; link_option_url=&#8220;https:\/\/quarterlife-crisis.info\/&#8220; link_option_url_new_window=&#8220;on&#8220; hover_enabled=&#8220;0&#8243; menu_font_size_tablet=&#8220;20px&#8220; menu_font_size_phone=&#8220;16px&#8220; menu_font_size_last_edited=&#8220;on|phone&#8220; menu_line_height_tablet=&#8220;&#8220; menu_line_height_phone=&#8220;0em&#8220; menu_line_height_last_edited=&#8220;on|phone&#8220; global_colors_info=&#8220;{}&#8220; sticky_enabled=&#8220;0&#8243;][\/et_pb_fullwidth_menu][\/et_pb_section][et_pb_section fb_built=&#8220;1&#8243; _builder_version=&#8220;4.25.2&#8243; _module_preset=&#8220;default&#8220; global_colors_info=&#8220;{}&#8220;][et_pb_row _builder_version=&#8220;4.25.2&#8243; _module_preset=&#8220;default&#8220; global_colors_info=&#8220;{}&#8220;][et_pb_column type=&#8220;4_4&#8243; _builder_version=&#8220;4.25.2&#8243; _module_preset=&#8220;default&#8220; global_colors_info=&#8220;{}&#8220;][et_pb_text _builder_version=&#8220;4.25.2&#8243; _module_preset=&#8220;default&#8220; text_font=&#8220;Times New Roman|600|||||||&#8220; text_text_color=&#8220;#074791&#8243; text_font_size=&#8220;50px&#8220; text_orientation=&#8220;center&#8220; hover_enabled=&#8220;0&#8243; text_font_size_tablet=&#8220;29px&#8220; text_font_size_phone=&#8220;25px&#8220; text_font_size_last_edited=&#8220;on|tablet&#8220; text_line_height_tablet=&#8220;&#8220; text_line_height_phone=&#8220;1.3em&#8220; text_line_height_last_edited=&#8220;on|phone&#8220; global_colors_info=&#8220;{}&#8220; sticky_enabled=&#8220;0&#8243; custom_margin_last_edited=&#8220;on|phone&#8220; custom_margin_phone=&#8220;-40px||||false|false&#8220;]<\/p>\n<p>Wie du die Quarterlife Crisis souver\u00e4n meisterst<\/p>\n<p>[\/et_pb_text][\/et_pb_column][\/et_pb_row][\/et_pb_section][et_pb_section fb_built=&#8220;1&#8243; _builder_version=&#8220;4.25.2&#8243; _module_preset=&#8220;default&#8220; background_color=&#8220;#FFFFFF&#8220; global_colors_info=&#8220;{}&#8220;][et_pb_row custom_padding_last_edited=&#8220;on|tablet&#8220; _builder_version=&#8220;4.25.2&#8243; _module_preset=&#8220;default&#8220; width_tablet=&#8220;60%&#8220; width_phone=&#8220;60%&#8220; width_last_edited=&#8220;on|tablet&#8220; max_width=&#8220;1208px&#8220; custom_margin=&#8220;-75px||||false|false&#8220; custom_margin_tablet=&#8220;-100px||||false|false&#8220; custom_margin_phone=&#8220;-100px||||false|false&#8220; custom_margin_last_edited=&#8220;on|tablet&#8220; custom_padding=&#8220;||||false|false&#8220; custom_padding_tablet=&#8220;|40px|||false|false&#8220; custom_padding_phone=&#8220;|40px|||false|false&#8220; module_alignment_tablet=&#8220;center&#8220; module_alignment_phone=&#8220;center&#8220; module_alignment_last_edited=&#8220;on|tablet&#8220; global_colors_info=&#8220;{}&#8220;][et_pb_column type=&#8220;4_4&#8243; _builder_version=&#8220;4.25.2&#8243; _module_preset=&#8220;default&#8220; global_colors_info=&#8220;{}&#8220;][et_pb_text _builder_version=&#8220;4.25.2&#8243; _module_preset=&#8220;default&#8220; text_font=&#8220;|600|||||||&#8220; text_font_size=&#8220;25px&#8220; header_3_font=&#8220;|600|||||||&#8220; header_3_font_size=&#8220;30px&#8220; text_orientation=&#8220;center&#8220; custom_margin_tablet=&#8220;&#8220; custom_margin_phone=&#8220;-25px|||31px|false|false&#8220; custom_margin_last_edited=&#8220;on|phone&#8220; header_3_font_size_tablet=&#8220;30px&#8220; header_3_font_size_phone=&#8220;22px&#8220; header_3_font_size_last_edited=&#8220;on|phone&#8220; global_colors_info=&#8220;{}&#8220;]<\/p>\n<h3>Inhalt<\/h3>\n<p>[\/et_pb_text][\/et_pb_column][\/et_pb_row][et_pb_row column_structure=&#8220;1_2,1_2&#8243; _builder_version=&#8220;4.25.2&#8243; _module_preset=&#8220;default&#8220; background_color=&#8220;rgba(224,153,0,0)&#8220; custom_padding=&#8220;40px||27px||false|false&#8220; global_colors_info=&#8220;{}&#8220;][et_pb_column type=&#8220;1_2&#8243; _builder_version=&#8220;4.25.2&#8243; _module_preset=&#8220;default&#8220; global_colors_info=&#8220;{}&#8220;][et_pb_text _builder_version=&#8220;4.25.2&#8243; _module_preset=&#8220;default&#8220; custom_margin=&#8220;|28px|||false|false&#8220; custom_margin_tablet=&#8220;|0px|||false|false&#8220; custom_margin_phone=&#8220;-41px||||false|false&#8220; custom_margin_last_edited=&#8220;on|tablet&#8220; custom_padding=&#8220;25px|25px|25px|25px|true|true&#8220; custom_padding_tablet=&#8220;30px|35px|30px|35px|true|true&#8220; custom_padding_phone=&#8220;30px|35px|30px|35px|true|true&#8220; custom_padding_last_edited=&#8220;on|tablet&#8220; text_font_size_tablet=&#8220;15px&#8220; text_font_size_phone=&#8220;13px&#8220; text_font_size_last_edited=&#8220;on|tablet&#8220; text_line_height_tablet=&#8220;1em&#8220; text_line_height_phone=&#8220;1.3em&#8220; text_line_height_last_edited=&#8220;on|tablet&#8220; box_shadow_style=&#8220;preset1&#8243; global_colors_info=&#8220;{}&#8220;]<\/p>\n<p><strong>Einleitung<\/strong><\/p>\n<p style=\"padding-left: 40px;\">Ein kleiner Test<\/p>\n<p style=\"padding-left: 40px;\">Herzlich willkommen in deiner Krise!<\/p>\n<p style=\"padding-left: 40px;\">Deine Lebensumst\u00e4nde haben sich massiv ver\u00e4ndert<\/p>\n<p style=\"padding-left: 40px;\">Wir leben in einer VUCA-Welt<\/p>\n<p style=\"padding-left: 40px;\">Das Anliegen dieses Buches<\/p>\n<p style=\"padding-left: 40px;\">Du stehst im Mittelpunkt!<\/p>\n<p style=\"padding-left: 40px;\"><strong>Teil 1 &#8211; Eine Krise zu meistern gleicht einer Reise zu sich selbst<\/strong><\/p>\n<p style=\"padding-left: 40px;\">Wie entsteht eigentlich eine Lebenskrise?<\/p>\n<p style=\"padding-left: 40px;\">Reisevorbereitungen<\/p>\n<p style=\"padding-left: 80px;\">Der Ausgangspunkt deiner inneren Reise<\/p>\n<p style=\"padding-left: 80px;\">Wir kommen aus dem Land der Kindheit<\/p>\n<p style=\"padding-left: 80px;\">Professionelle Unterst\u00fctzung ist reine Selbstf\u00fcrsorge<\/p>\n<p><strong>Zusammenfassung Teil 1<\/strong><\/p>\n<p><strong><\/strong><\/p>\n<p><strong>Teil 2 &#8211; Die Reise beginnt \u2013 Erste Schritte aus der Krise\u00a0<\/strong><\/p>\n<p style=\"padding-left: 40px;\">Erster Schritt: Annehmen, was ist<\/p>\n<p style=\"padding-left: 80px;\">In jeder Krise steckt eine Chance!<\/p>\n<p style=\"padding-left: 40px;\">Zweiter Schritt: Deine*n innere*n Beobachter*in entdecken<\/p>\n<p style=\"padding-left: 80px;\">Auf Abstand zu deiner Krise<\/p>\n<p style=\"padding-left: 80px;\">Innere Ordnung durch Pers\u00f6nlichkeitsanteile<\/p>\n<p style=\"padding-left: 80px;\">Der liebevolle Blick<\/p>\n<p style=\"padding-left: 80px;\">Werde kreativ!<\/p>\n<p style=\"padding-left: 40px;\">Dritter Schritt: Den Anteil kennenlernen, der in der Krise steckt<\/p>\n<p style=\"padding-left: 80px;\">Im Gespr\u00e4ch mit Krisan<\/p>\n<p style=\"padding-left: 80px;\">Einen Platz f\u00fcr deinen Krisan finden<\/p>\n<p style=\"padding-left: 80px;\">Verbinde dich mit deiner*deinem inneren Erwachsenen<\/p>\n<p style=\"padding-left: 80px;\">Behalte deinen inneren Kritiker im Blick!<\/p>\n<p style=\"padding-left: 40px;\">Zeit f\u00fcr eine Pause<\/p>\n<p><strong>Zusammenfassung Teil 2\u00a0<\/strong><\/p>\n<p><strong><\/strong><\/p>\n<p><strong>Teil 3 &#8211; Die Reise geht weiter\u00a0<\/strong><\/p>\n<p style=\"padding-left: 40px;\">Neue Selbstgespr\u00e4che bitte!<\/p>\n<p style=\"padding-left: 80px;\">\u00dcbe das Ungewohnte!<\/p>\n<p style=\"padding-left: 40px;\">Reduziere deinen Stresslevel<\/p>\n<p style=\"padding-left: 80px;\">Erkenne dein Stressprofil<\/p>\n<p style=\"padding-left: 80px;\">Willkommen im Wellness-Paradies<\/p>\n<p style=\"padding-left: 80px;\">Die sechs Inseln der Erholung<\/p>\n<p style=\"padding-left: 80px;\">Stressabbau f\u00fcr Zwischendurch<\/p>\n<p style=\"padding-left: 40px;\">Und jetzt hei\u00dft es: Feiern!<\/p>\n<p><strong>Zusammenfassung Teil 3\u00a0<\/strong><\/p>\n<p>[\/et_pb_text][\/et_pb_column][et_pb_column type=&#8220;1_2&#8243; _builder_version=&#8220;4.25.2&#8243; _module_preset=&#8220;default&#8220; global_colors_info=&#8220;{}&#8220;][et_pb_text _builder_version=&#8220;4.25.2&#8243; _module_preset=&#8220;default&#8220; custom_margin=&#8220;|||28px|false|false&#8220; custom_margin_tablet=&#8220;|||0px|false|false&#8220; custom_margin_phone=&#8220;|||0px|false|false&#8220; custom_margin_last_edited=&#8220;on|tablet&#8220; custom_padding=&#8220;25px|25px|25px|25px|true|true&#8220; custom_padding_tablet=&#8220;30px|35px|30px|35px|true|true&#8220; custom_padding_phone=&#8220;30px|35px|30px|35px|true|true&#8220; custom_padding_last_edited=&#8220;on|tablet&#8220; text_font_size_tablet=&#8220;14px&#8220; text_font_size_phone=&#8220;14px&#8220; text_font_size_last_edited=&#8220;on|tablet&#8220; text_line_height_tablet=&#8220;1em&#8220; text_line_height_phone=&#8220;1em&#8220; text_line_height_last_edited=&#8220;on|tablet&#8220; box_shadow_style=&#8220;preset1&#8243; global_colors_info=&#8220;{}&#8220;]<\/p>\n<p><strong>Teil 4 &#8211; Auf ins Neuland!\u00a0<\/strong><\/p>\n<p style=\"padding-left: 40px;\">Im Land der Gef\u00fchle<\/p>\n<p style=\"padding-left: 80px;\">Gef\u00fchle sind Hinweisgeber<\/p>\n<p style=\"padding-left: 80px;\">Unsere f\u00fcnf Grundgef\u00fchle<\/p>\n<p style=\"padding-left: 80px;\">Der Pfad der Freude<\/p>\n<p style=\"padding-left: 80px;\">Dankbarkeit \u2013 eine gesunde Droge, um dein Energielevel anzuheben<\/p>\n<p style=\"padding-left: 80px;\">Lade die F\u00fclle, Freude und Sch\u00f6nheit in dein Leben ein<\/p>\n<p style=\"padding-left: 80px;\">Achte auf deine inneren Monologe<\/p>\n<p style=\"padding-left: 40px;\">Im Gebirge der Gedanken<\/p>\n<p style=\"padding-left: 80px;\">Unbewusste Denkmuster<\/p>\n<p style=\"padding-left: 40px;\">Auf dem Gipfel der St\u00e4rken<\/p>\n<p style=\"padding-left: 80px;\">Lausche deinen St\u00e4rken<\/p>\n<p style=\"padding-left: 80px;\">Visualisiere deine St\u00e4rken<\/p>\n<p style=\"padding-left: 40px;\">Pause, ausruhen, sacken lassen, feiern!<\/p>\n<p><strong>Zusammenfassung Teil 4\u00a0<\/strong><\/p>\n<p><strong><\/strong><\/p>\n<p><strong>Teil 5 &#8211; In der Reisewerkstatt\u00a0<\/strong><\/p>\n<p style=\"padding-left: 40px;\">Den inneren Kompass justieren<\/p>\n<p style=\"padding-left: 80px;\">Selbstverantwortung (V)<\/p>\n<p style=\"padding-left: 80px;\">Selbstwirksamkeit (W)<\/p>\n<p style=\"padding-left: 80px;\">L\u00f6sungsorientierung (L)<\/p>\n<p style=\"padding-left: 80px;\">Zukunftsorientierung (Z)<\/p>\n<p style=\"padding-left: 80px;\">Eine gute Nachricht zum Schluss<\/p>\n<p><strong>Zusammenfassung Teil 5\u00a0<\/strong><\/p>\n<p><strong><\/strong><\/p>\n<p><strong>Wie es nun weitergehen kann\u00a0\u00a0<\/strong><\/p>\n<p><strong>Anhang\u00a0<\/strong><\/p>\n<p style=\"padding-left: 40px;\">Hier bekommst du professionelle Unterst\u00fctzung<\/p>\n<p style=\"padding-left: 40px;\">Theoretischer Hintergrund zur Arbeit mit Pers\u00f6nlichkeitsanteilen<\/p>\n<p style=\"padding-left: 80px;\">Symbolisieren hilft, eine Ordnung zu erkennen<\/p>\n<p style=\"padding-left: 40px;\">Menschliche Bed\u00fcrfnisse nach J. Salom\u00e9<\/p>\n<p style=\"padding-left: 40px;\">Menschliche Bed\u00fcrfnisse nach M. Rosenberg<\/p>\n<p style=\"padding-left: 40px;\">W\u00f6rter, die Gef\u00fchle ausdr\u00fccken<\/p>\n<p style=\"padding-left: 40px;\">Werte-Liste<\/p>\n<p style=\"padding-left: 40px;\">Einschr\u00e4nkende Glaubenss\u00e4tze<\/p>\n<p style=\"padding-left: 40px;\">Checkliste f\u00fcr das Aufstellen von Zielen<\/p>\n<p><strong>Danke!<\/strong><\/p>\n<p><strong>Vertiefende Literatur<\/strong><\/p>\n<p>[\/et_pb_text][et_pb_button button_url=&#8220;https:\/\/shop.tredition.com\/booktitle\/Wie_du_die_Quarterlife_Crisis_souver%3fn_meisterst\/W-177-125-549&#8243; url_new_window=&#8220;on&#8220; button_text=&#8220;Bestelle dir hier dein Buch!&#8220; button_alignment=&#8220;right&#8220; _builder_version=&#8220;4.25.2&#8243; _module_preset=&#8220;default&#8220; custom_button=&#8220;on&#8220; button_text_color=&#8220;#074791&#8243; button_bg_color=&#8220;rgba(224,153,0,0.39)&#8220; button_border_width=&#8220;4px&#8220; button_border_radius=&#8220;30px&#8220; button_font=&#8220;|600|||||||&#8220; button_icon=&#8220;&#x24;||divi||400&#8243; button_icon_color=&#8220;#ffffff&#8220; custom_margin=&#8220;100px|97px|||false|false&#8220; custom_margin_tablet=&#8220;50px|200px|||false|false&#8220; custom_margin_phone=&#8220;|62px|||false|false&#8220; custom_margin_last_edited=&#8220;on|tablet&#8220; custom_padding=&#8220;||||false|false&#8220; button_text_size_tablet=&#8220;16px&#8220; button_text_size_phone=&#8220;12px&#8220; button_text_size_last_edited=&#8220;on|tablet&#8220; global_colors_info=&#8220;{}&#8220;][\/et_pb_button][\/et_pb_column][\/et_pb_row][\/et_pb_section]<\/p>\n","protected":false},"excerpt":{"rendered":"<p>Wie du die Quarterlife Crisis souver\u00e4n meisterstInhaltEinleitung Ein kleiner Test Herzlich willkommen in deiner Krise! Deine Lebensumst\u00e4nde haben sich massiv ver\u00e4ndert Wir leben in einer VUCA-Welt Das Anliegen dieses Buches Du stehst im Mittelpunkt! Teil 1 &#8211; Eine Krise zu meistern gleicht einer Reise zu sich selbst Wie entsteht eigentlich eine Lebenskrise? Reisevorbereitungen Der Ausgangspunkt [&hellip;]<\/p>\n","protected":false},"author":1,"featured_media":0,"parent":0,"menu_order":0,"comment_status":"closed","ping_status":"closed","template":"","meta":{"_et_pb_use_builder":"on","_et_pb_old_content":"<!-- wp:divi\/placeholder \/-->","_et_gb_content_width":"","_uag_custom_page_level_css":"","footnotes":""},"class_list":["post-128424","page","type-page","status-publish","hentry"],"uagb_featured_image_src":{"full":false,"thumbnail":false,"medium":false,"medium_large":false,"large":false,"1536x1536":false,"2048x2048":false,"et-pb-post-main-image":false,"et-pb-post-main-image-fullwidth":false,"et-pb-portfolio-image":false,"et-pb-portfolio-module-image":false,"et-pb-portfolio-image-single":false,"et-pb-gallery-module-image-portrait":false,"et-pb-post-main-image-fullwidth-large":false,"et-pb-image--responsive--desktop":false,"et-pb-image--responsive--tablet":false,"et-pb-image--responsive--phone":false},"uagb_author_info":{"display_name":"admin","author_link":"https:\/\/quarterlife-crisis.info\/?author=1"},"uagb_comment_info":0,"uagb_excerpt":"Wie du die Quarterlife Crisis souver\u00e4n meisterstInhaltEinleitung Ein kleiner Test Herzlich willkommen in deiner Krise! Deine Lebensumst\u00e4nde haben sich massiv ver\u00e4ndert Wir leben in einer VUCA-Welt Das Anliegen dieses Buches Du stehst im Mittelpunkt! Teil 1 - Eine Krise zu meistern gleicht einer Reise zu sich selbst Wie entsteht eigentlich eine Lebenskrise? Reisevorbereitungen Der Ausgangspunkt&hellip;","_links":{"self":[{"href":"https:\/\/quarterlife-crisis.info\/index.php?rest_route=\/wp\/v2\/pages\/128424","targetHints":{"allow":["GET"]}}],"collection":[{"href":"https:\/\/quarterlife-crisis.info\/index.php?rest_route=\/wp\/v2\/pages"}],"about":[{"href":"https:\/\/quarterlife-crisis.info\/index.php?rest_route=\/wp\/v2\/types\/page"}],"author":[{"embeddable":true,"href":"https:\/\/quarterlife-crisis.info\/index.php?rest_route=\/wp\/v2\/users\/1"}],"replies":[{"embeddable":true,"href":"https:\/\/quarterlife-crisis.info\/index.php?rest_route=%2Fwp%2Fv2%2Fcomments&post=128424"}],"version-history":[{"count":12,"href":"https:\/\/quarterlife-crisis.info\/index.php?rest_route=\/wp\/v2\/pages\/128424\/revisions"}],"predecessor-version":[{"id":128482,"href":"https:\/\/quarterlife-crisis.info\/index.php?rest_route=\/wp\/v2\/pages\/128424\/revisions\/128482"}],"wp:attachment":[{"href":"https:\/\/quarterlife-crisis.info\/index.php?rest_route=%2Fwp%2Fv2%2Fmedia&parent=128424"}],"curies":[{"name":"wp","href":"https:\/\/api.w.org\/{rel}","templated":true}]}}